{"id":1229,"date":"2026-04-08T09:27:54","date_gmt":"2026-04-08T04:27:54","guid":{"rendered":"https:\/\/butacablanca.com\/?post_type=product&#038;p=1229"},"modified":"2026-04-13T18:21:12","modified_gmt":"2026-04-13T13:21:12","slug":"liga-de-basquet-proximamente","status":"publish","type":"product","link":"https:\/\/butacablanca.com\/?product=liga-de-basquet-proximamente","title":{"rendered":"Basquetball"},"content":{"rendered":"<p data-start=\"124\" data-end=\"365\">Proximamente llega este evento para vivir la emoci\u00f3n del baloncesto como nunca antes, donde se re\u00fane a los mejores equipos del sur de Per\u00fa y Chile en una competencia llena de intensidad, talento y orgullo regional.<\/p>\n<p data-start=\"367\" data-end=\"579\">\ud83d\udd25 <strong data-start=\"370\" data-end=\"399\">Un espect\u00e1culo imperdible<\/strong><br \/>\nEquipos destacados de ambas naciones se enfrentan en la cancha dejando todo en cada jugada, en un torneo que promete partidos vibrantes, finales ajustados y momentos inolvidables.<\/p>\n<p data-start=\"581\" data-end=\"769\">\ud83c\udf0e <strong data-start=\"584\" data-end=\"609\">Talento internacional<\/strong><br \/>\nDisfruta del choque de estilos y estrategias entre el baloncesto peruano y chileno, con jugadores que destacan por su t\u00e9cnica, velocidad y pasi\u00f3n por el juego.<\/p>\n<p data-start=\"771\" data-end=\"796\">\ud83c\udfaf <strong data-start=\"774\" data-end=\"796\">\u00bfQu\u00e9 podr\u00e1s vivir?<\/strong><\/p>\n<ul data-start=\"797\" data-end=\"995\">\n<li data-section-id=\"ndghgs\" data-start=\"797\" data-end=\"835\">Partidos de alto nivel competitivo<\/li>\n<li data-section-id=\"fnj66g\" data-start=\"836\" data-end=\"888\">Jugadas espectaculares y definiciones de infarto<\/li>\n<li data-section-id=\"35eqmq\" data-start=\"889\" data-end=\"945\">Un ambiente cargado de energ\u00eda y rivalidad deportiva<\/li>\n<li data-section-id=\"1tulmik\" data-start=\"946\" data-end=\"995\">La oportunidad de apoyar a tu equipo favorito<\/li>\n<\/ul>\n<p data-start=\"997\" data-end=\"1181\">\ud83c\udf9f\ufe0f <strong data-start=\"1001\" data-end=\"1031\">S\u00e9 parte de la experiencia<\/strong><br \/>\nNo te pierdas este gran evento que une pa\u00edses a trav\u00e9s del deporte. Vive cada canasta, cada bloqueo y cada triple como si estuvieras en primera fila.<\/p>\n","protected":false},"excerpt":{"rendered":"<p>Proximamente llega este evento para vivir la emoci\u00f3n del baloncesto como nunca antes.<\/p>\n","protected":false},"featured_media":1421,"template":"","meta":{"site-sidebar-layout":"default","site-content-layout":"","ast-site-content-layout":"default","site-content-style":"default","site-sidebar-style":"default","ast-global-header-display":"","ast-banner-title-visibility":"","ast-main-header-display":"","ast-hfb-above-header-display":"","ast-hfb-below-header-display":"","ast-hfb-mobile-header-display":"","site-post-title":"","ast-breadcrumbs-content":"","ast-featured-img":"","footer-sml-layout":"","ast-disable-related-posts":"","theme-transparent-header-meta":"default","adv-header-id-meta":"","stick-header-meta":"","header-above-stick-meta":"","header-main-stick-meta":"","header-below-stick-meta":"","astra-migrate-meta-layouts":"set","ast-page-background-enabled":"default","ast-page-background-meta":{"desktop":{"background-color":"var(--ast-global-color-5)","background-image":"","background-repeat":"repeat","background-position":"center center","background-size":"auto","background-attachment":"scroll","background-type":"","background-media":"","overlay-type":"","overlay-color":"","overlay-opacity":"","overlay-gradient":""},"tablet":{"background-color":"","background-image":"","background-repeat":"repeat","background-position":"center center","background-size":"auto","background-attachment":"scroll","background-type":"","background-media":"","overlay-type":"","overlay-color":"","overlay-opacity":"","overlay-gradient":""},"mobile":{"background-color":"","background-image":"","background-repeat":"repeat","background-position":"center center","background-size":"auto","background-attachment":"scroll","background-type":"","background-media":"","overlay-type":"","overlay-color":"","overlay-opacity":"","overlay-gradient":""}},"ast-content-background-meta":{"desktop":{"background-color":"var(--ast-global-color-4)","background-image":"","background-repeat":"repeat","background-position":"center center","background-size":"auto","background-attachment":"scroll","background-type":"","background-media":"","overlay-type":"","overlay-color":"","overlay-opacity":"","overlay-gradient":""},"tablet":{"background-color":"var(--ast-global-color-4)","background-image":"","background-repeat":"repeat","background-position":"center center","background-size":"auto","background-attachment":"scroll","background-type":"","background-media":"","overlay-type":"","overlay-color":"","overlay-opacity":"","overlay-gradient":""},"mobile":{"background-color":"var(--ast-global-color-4)","background-image":"","background-repeat":"repeat","background-position":"center center","background-size":"auto","background-attachment":"scroll","background-type":"","background-media":"","overlay-type":"","overlay-color":"","overlay-opacity":"","overlay-gradient":""}},"_joinchat":[]},"product_brand":[],"product_cat":[15],"product_tag":[39],"class_list":{"0":"post-1229","1":"product","2":"type-product","3":"status-publish","4":"has-post-thumbnail","6":"product_cat-proximamente","7":"product_tag-proximamente","8":"desktop-align-left","9":"tablet-align-left","10":"mobile-align-left","12":"first","13":"instock","14":"virtual","15":"product-type-simple"},"_links":{"self":[{"href":"https:\/\/butacablanca.com\/index.php?rest_route=\/wp\/v2\/product\/1229","targetHints":{"allow":["GET"]}}],"collection":[{"href":"https:\/\/butacablanca.com\/index.php?rest_route=\/wp\/v2\/product"}],"about":[{"href":"https:\/\/butacablanca.com\/index.php?rest_route=\/wp\/v2\/types\/product"}],"wp:featuredmedia":[{"embeddable":true,"href":"https:\/\/butacablanca.com\/index.php?rest_route=\/wp\/v2\/media\/1421"}],"wp:attachment":[{"href":"https:\/\/butacablanca.com\/index.php?rest_route=%2Fwp%2Fv2%2Fmedia&parent=1229"}],"wp:term":[{"taxonomy":"product_brand","embeddable":true,"href":"https:\/\/butacablanca.com\/index.php?rest_route=%2Fwp%2Fv2%2Fproduct_brand&post=1229"},{"taxonomy":"product_cat","embeddable":true,"href":"https:\/\/butacablanca.com\/index.php?rest_route=%2Fwp%2Fv2%2Fproduct_cat&post=1229"},{"taxonomy":"product_tag","embeddable":true,"href":"https:\/\/butacablanca.com\/index.php?rest_route=%2Fwp%2Fv2%2Fproduct_tag&post=1229"}],"curies":[{"name":"wp","href":"https:\/\/api.w.org\/{rel}","templated":true}]}}