{"id":1230,"date":"2026-04-08T09:30:41","date_gmt":"2026-04-08T04:30:41","guid":{"rendered":"https:\/\/butacablanca.com\/?post_type=product&#038;p=1230"},"modified":"2026-04-13T20:53:58","modified_gmt":"2026-04-13T15:53:58","slug":"torneo-de-voleyball-proximamente","status":"publish","type":"product","link":"https:\/\/butacablanca.com\/?product=torneo-de-voleyball-proximamente","title":{"rendered":"Voleyball"},"content":{"rendered":"<p data-start=\"125\" data-end=\"326\">Vive la emoci\u00f3n del deporte que har\u00e1 vibrar a todo el pa\u00eds con este Campeonato de Voley, donde los mejores equipos se enfrentan en una competencia llena de talento, garra y orgullo nacional.<\/p>\n<p data-start=\"328\" data-end=\"554\">\ud83d\udd25 <strong data-start=\"331\" data-end=\"366\">El v\u00f3ley en su m\u00e1xima expresi\u00f3n<\/strong><br data-start=\"366\" data-end=\"369\" \/>Los equipos m\u00e1s destacados del Per\u00fa llegan para demostrar su nivel en la cancha, en partidos intensos que prometen rallies espectaculares, bloqueos imponentes y finales de alto impacto.<\/p>\n<p data-start=\"556\" data-end=\"760\">\ud83c\uddf5\ud83c\uddea <strong data-start=\"561\" data-end=\"588\">Talento de todo el pa\u00eds<\/strong><br data-start=\"588\" data-end=\"591\" \/>Jugadoras y jugadores de distintas regiones se unen en este torneo para representar a sus ciudades y luchar por el t\u00edtulo nacional, mostrando lo mejor del v\u00f3ley peruano.<\/p>\n<p data-start=\"762\" data-end=\"791\">\ud83d\udca5 <strong data-start=\"765\" data-end=\"791\">\u00bfQu\u00e9 podr\u00e1s disfrutar?<\/strong><\/p>\n<ul data-start=\"792\" data-end=\"975\">\n<li data-section-id=\"1b1kgdi\" data-start=\"792\" data-end=\"832\">Encuentros de alto nivel competitivo<\/li>\n<li data-section-id=\"18r88np\" data-start=\"833\" data-end=\"886\">Jugadas r\u00e1pidas, estrat\u00e9gicas y llenas de emoci\u00f3n<\/li>\n<li data-section-id=\"qpxt6\" data-start=\"887\" data-end=\"937\">Un ambiente vibrante con la pasi\u00f3n del p\u00fablico<\/li>\n<li data-section-id=\"1x031d8\" data-start=\"938\" data-end=\"975\">Momentos inolvidables en cada set<\/li>\n<\/ul>\n<p data-start=\"977\" data-end=\"1179\">\ud83c\udf9f\ufe0f <strong data-start=\"981\" data-end=\"1011\">S\u00e9 parte de la experiencia<\/strong><br data-start=\"1011\" data-end=\"1014\" \/>No te pierdas este gran evento que celebra el talento nacional y la pasi\u00f3n por el v\u00f3ley. Vive cada punto, cada saque y cada victoria como si estuvieras en la cancha.<\/p>\n","protected":false},"excerpt":{"rendered":"<p>Vive la emoci\u00f3n del deporte que har\u00e1 vibrar a todo el pa\u00eds con este Campeonato de Voley.<\/p>\n","protected":false},"featured_media":1422,"template":"","meta":{"site-sidebar-layout":"default","site-content-layout":"","ast-site-content-layout":"default","site-content-style":"default","site-sidebar-style":"default","ast-global-header-display":"","ast-banner-title-visibility":"","ast-main-header-display":"","ast-hfb-above-header-display":"","ast-hfb-below-header-display":"","ast-hfb-mobile-header-display":"","site-post-title":"","ast-breadcrumbs-content":"","ast-featured-img":"","footer-sml-layout":"","ast-disable-related-posts":"","theme-transparent-header-meta":"default","adv-header-id-meta":"","stick-header-meta":"","header-above-stick-meta":"","header-main-stick-meta":"","header-below-stick-meta":"","astra-migrate-meta-layouts":"set","ast-page-background-enabled":"default","ast-page-background-meta":{"desktop":{"background-color":"var(--ast-global-color-5)","background-image":"","background-repeat":"repeat","background-position":"center center","background-size":"auto","background-attachment":"scroll","background-type":"","background-media":"","overlay-type":"","overlay-color":"","overlay-opacity":"","overlay-gradient":""},"tablet":{"background-color":"","background-image":"","background-repeat":"repeat","background-position":"center center","background-size":"auto","background-attachment":"scroll","background-type":"","background-media":"","overlay-type":"","overlay-color":"","overlay-opacity":"","overlay-gradient":""},"mobile":{"background-color":"","background-image":"","background-repeat":"repeat","background-position":"center center","background-size":"auto","background-attachment":"scroll","background-type":"","background-media":"","overlay-type":"","overlay-color":"","overlay-opacity":"","overlay-gradient":""}},"ast-content-background-meta":{"desktop":{"background-color":"var(--ast-global-color-4)","background-image":"","background-repeat":"repeat","background-position":"center center","background-size":"auto","background-attachment":"scroll","background-type":"","background-media":"","overlay-type":"","overlay-color":"","overlay-opacity":"","overlay-gradient":""},"tablet":{"background-color":"var(--ast-global-color-4)","background-image":"","background-repeat":"repeat","background-position":"center center","background-size":"auto","background-attachment":"scroll","background-type":"","background-media":"","overlay-type":"","overlay-color":"","overlay-opacity":"","overlay-gradient":""},"mobile":{"background-color":"var(--ast-global-color-4)","background-image":"","background-repeat":"repeat","background-position":"center center","background-size":"auto","background-attachment":"scroll","background-type":"","background-media":"","overlay-type":"","overlay-color":"","overlay-opacity":"","overlay-gradient":""}},"_joinchat":[]},"product_brand":[],"product_cat":[15],"product_tag":[39],"class_list":{"0":"post-1230","1":"product","2":"type-product","3":"status-publish","4":"has-post-thumbnail","6":"product_cat-proximamente","7":"product_tag-proximamente","8":"desktop-align-left","9":"tablet-align-left","10":"mobile-align-left","12":"first","13":"instock","14":"virtual","15":"sold-individually","16":"product-type-simple"},"_links":{"self":[{"href":"https:\/\/butacablanca.com\/index.php?rest_route=\/wp\/v2\/product\/1230","targetHints":{"allow":["GET"]}}],"collection":[{"href":"https:\/\/butacablanca.com\/index.php?rest_route=\/wp\/v2\/product"}],"about":[{"href":"https:\/\/butacablanca.com\/index.php?rest_route=\/wp\/v2\/types\/product"}],"wp:featuredmedia":[{"embeddable":true,"href":"https:\/\/butacablanca.com\/index.php?rest_route=\/wp\/v2\/media\/1422"}],"wp:attachment":[{"href":"https:\/\/butacablanca.com\/index.php?rest_route=%2Fwp%2Fv2%2Fmedia&parent=1230"}],"wp:term":[{"taxonomy":"product_brand","embeddable":true,"href":"https:\/\/butacablanca.com\/index.php?rest_route=%2Fwp%2Fv2%2Fproduct_brand&post=1230"},{"taxonomy":"product_cat","embeddable":true,"href":"https:\/\/butacablanca.com\/index.php?rest_route=%2Fwp%2Fv2%2Fproduct_cat&post=1230"},{"taxonomy":"product_tag","embeddable":true,"href":"https:\/\/butacablanca.com\/index.php?rest_route=%2Fwp%2Fv2%2Fproduct_tag&post=1230"}],"curies":[{"name":"wp","href":"https:\/\/api.w.org\/{rel}","templated":true}]}}